{"id":10,"date":"2021-07-01T18:26:09","date_gmt":"2021-07-01T18:26:09","guid":{"rendered":"https:\/\/su-zahntechnik.de\/?page_id=10"},"modified":"2022-04-08T14:24:58","modified_gmt":"2022-04-08T12:24:58","slug":"ueber-uns","status":"publish","type":"page","link":"https:\/\/su-zahntechnik.online\/?page_id=10","title":{"rendered":"\u00dcber SU Zahntechnik"},"content":{"rendered":"<p><img loading=\"lazy\" decoding=\"async\" width=\"525\" height=\"350\" src=\"https:\/\/su-zahntechnik.online\/wp-content\/uploads\/2021\/07\/su-zahntechnikruesselsheim10-640w.jpg\" alt=\"\" loading=\"lazy\" srcset=\"https:\/\/su-zahntechnik.online\/wp-content\/uploads\/2021\/07\/su-zahntechnikruesselsheim10-640w.jpg 640w, https:\/\/su-zahntechnik.online\/wp-content\/uploads\/2021\/07\/su-zahntechnikruesselsheim10-640w-300x200.jpg 300w\" sizes=\"auto, 100vw\"><\/p>\n\n\n<p>Die SU Zahntechnik existiert nunmehr seit \u00fcber 33 Jahren in R\u00fcsselsheim, somit ein etablierter, langj\u00e4hriger Betrieb mit eingespieltem Personal.<\/p>\n\n\n\n<p>Es gibt in R\u00fcsselsheim nur noch zwei ( dazu geh\u00f6rt SU Zahntechnik ) von ehemals sechs bestehenden Betrieben. SU Zahntechnik steht f\u00fcr Verl\u00e4sslichkeit, Vertrauen und Qualit\u00e4t, was die \u00fcberwiegend lange Kundentreue beweist.<\/p>\n\n\n\n<p>Dies spiegelt sich auch in ihrem Technik-Angebot wider, das alle Bereiche der Zahntechnik abdeckt, insbesondere gro\u00dfe gaumenfreie Teleskoparbeiten in Edelmetall, NEM und als Terti\u00e4rkonstruktion mit AGC (Galvano) .<\/p>\n\n\n\n<p>Durch langj\u00e4hrige Erfahrung und Weiterentwicklung im Bereich NEM ist die Firma SU Zahntechnik in der Lage solch hochwertige Arbeiten f\u00fcr den Patienten in einem wirtschaftlich und kosteng\u00fcnstigen Rahmen herzustellen, bei gleichzeitig hervorragender Passung und \u00c4sthetik.<\/p>\n\n\n\n<p>Das gleiche gilt f\u00fcr gro\u00dfe Keramik &#8211; Frontzahn &#8211; Restaurationen mit Geschiebeverbindungen im Seitenzahnbereich.<\/p>\n\n\n\n<p>SU Zahntechnik hat sich durch viele Fortbildungen auch auf die immer st\u00e4rker nachgefragte Implantatprothetik spezialisiert, sowohl im Kronen &#8211; und Br\u00fcckenbereich, wie auch in abnehmbaren Teleskoparbeiten f\u00fcr die immer anspruchsvollere Generation \u2018\u2019 60 plus&#8220;.<\/p>\n\n\n\n<p><\/p>\n\n\n<p><img loading=\"lazy\" decoding=\"async\" width=\"525\" height=\"350\" src=\"https:\/\/su-zahntechnik.online\/wp-content\/uploads\/2021\/07\/su-zahntechnikruesselsheim24-640w.jpg\" alt=\"\" loading=\"lazy\" srcset=\"https:\/\/su-zahntechnik.online\/wp-content\/uploads\/2021\/07\/su-zahntechnikruesselsheim24-640w.jpg 640w, https:\/\/su-zahntechnik.online\/wp-content\/uploads\/2021\/07\/su-zahntechnikruesselsheim24-640w-300x200.jpg 300w\" sizes=\"auto, 100vw\"><br>\n\t\t\t\t\t\t\t\t\t\t\t\t\t\t\t<img loading=\"lazy\" decoding=\"async\" width=\"525\" height=\"350\" src=\"https:\/\/su-zahntechnik.online\/wp-content\/uploads\/2021\/07\/su-zahntechnikruesselsheim11-640w.jpg\" alt=\"\" loading=\"lazy\" srcset=\"https:\/\/su-zahntechnik.online\/wp-content\/uploads\/2021\/07\/su-zahntechnikruesselsheim11-640w.jpg 640w, https:\/\/su-zahntechnik.online\/wp-content\/uploads\/2021\/07\/su-zahntechnikruesselsheim11-640w-300x200.jpg 300w\" sizes=\"auto, 100vw\">\t\t\t\t\t\t\t\t\t\t\t\t\t\t\t<\/p>\n<p>Es werden zudem fast alle bekannten Implantatsysteme wie&nbsp; ANKYLOS, CAMLOG, STRAUMANN, FRIADENT, ASTRATECH und weitere verarbeitet. Zirkonkappen-Ger\u00fcste werden aus wirtschaftlichen Gr\u00fcnden noch au\u00dfer Haus gefertigt, verblendet zwecks besserer \u00c4sthetik aber im eigenen Labor.<\/p>\n<p><!-- \/wp:post-content --><!-- wp:paragraph --><\/p>\n<p>Au\u00dferdem wird der schnelle Service speziell im Bereich Reparaturen von den Kunden gesch\u00e4tzt, so dass der Patient seine Prothese schnellstens, fast immer am gleichen Tag wieder erh\u00e4lt.<br>Die Kunden sind es gewohnt von SU Zahntechnik in ihrer Praxis, am Patienten Assistenz und Support in technischer wie auch handwerklicher Hinsicht zu erhalten.<\/p>","protected":false},"excerpt":{"rendered":"<p>Die SU Zahntechnik existiert nunmehr seit \u00fcber 33 Jahren in R\u00fcsselsheim, somit ein etablierter, langj\u00e4hriger Betrieb mit eingespieltem Personal. Es gibt in R\u00fcsselsheim nur noch zwei ( dazu geh\u00f6rt SU Zahntechnik ) von ehemals sechs bestehenden Betrieben. SU Zahntechnik steht f\u00fcr Verl\u00e4sslichkeit, Vertrauen und Qualit\u00e4t, was die \u00fcberwiegend lange Kundentreue beweist. Dies spiegelt sich auch &hellip; <\/p>\n<p class=\"link-more\"><a href=\"https:\/\/su-zahntechnik.online\/?page_id=10\" class=\"more-link\"><span class=\"screen-reader-text\">\u201e\u00dcber SU Zahntechnik\u201c <\/span>weiterlesen<\/a><\/p>\n","protected":false},"author":1,"featured_media":0,"parent":0,"menu_order":0,"comment_status":"closed","ping_status":"closed","template":"","meta":{"footnotes":""},"class_list":["post-10","page","type-page","status-publish","hentry"],"yoast_head":"<!-- This site is optimized with the Yoast SEO plugin v26.6 - https:\/\/yoast.com\/wordpress\/plugins\/seo\/ -->\n<title>\u00dcber SU Zahntechnik - SU Zahntechnik<\/title>\n<meta name=\"robots\" content=\"index, follow, max-snippet:-1, max-image-preview:large, max-video-preview:-1\" \/>\n<link rel=\"canonical\" href=\"https:\/\/su-zahntechnik.online\/?page_id=10\" \/>\n<meta property=\"og:locale\" content=\"de_DE\" \/>\n<meta property=\"og:type\" content=\"article\" \/>\n<meta property=\"og:title\" content=\"\u00dcber SU Zahntechnik - SU Zahntechnik\" \/>\n<meta property=\"og:description\" content=\"Die SU Zahntechnik existiert nunmehr seit \u00fcber 33 Jahren in R\u00fcsselsheim, somit ein etablierter, langj\u00e4hriger Betrieb mit eingespieltem Personal. Es gibt in R\u00fcsselsheim nur noch zwei ( dazu geh\u00f6rt SU Zahntechnik ) von ehemals sechs bestehenden Betrieben. SU Zahntechnik steht f\u00fcr Verl\u00e4sslichkeit, Vertrauen und Qualit\u00e4t, was die \u00fcberwiegend lange Kundentreue beweist. Dies spiegelt sich auch &hellip; \u201e\u00dcber SU Zahntechnik\u201c weiterlesen\" \/>\n<meta property=\"og:url\" content=\"https:\/\/su-zahntechnik.online\/?page_id=10\" \/>\n<meta property=\"og:site_name\" content=\"SU Zahntechnik\" \/>\n<meta property=\"article:modified_time\" content=\"2022-04-08T12:24:58+00:00\" \/>\n<meta property=\"og:image\" content=\"https:\/\/su-zahntechnik.online\/wp-content\/uploads\/2021\/07\/su-zahntechnikruesselsheim10-640w.jpg\" \/>\n<meta name=\"twitter:card\" content=\"summary_large_image\" \/>\n<meta name=\"twitter:label1\" content=\"Gesch\u00e4tzte Lesezeit\" \/>\n\t<meta name=\"twitter:data1\" content=\"1\u00a0Minute\" \/>\n<script type=\"application\/ld+json\" class=\"yoast-schema-graph\">{\"@context\":\"https:\/\/schema.org\",\"@graph\":[{\"@type\":\"WebPage\",\"@id\":\"https:\/\/su-zahntechnik.online\/?page_id=10\",\"url\":\"https:\/\/su-zahntechnik.online\/?page_id=10\",\"name\":\"\u00dcber SU Zahntechnik - SU Zahntechnik\",\"isPartOf\":{\"@id\":\"https:\/\/su-zahntechnik.online\/#website\"},\"primaryImageOfPage\":{\"@id\":\"https:\/\/su-zahntechnik.online\/?page_id=10#primaryimage\"},\"image\":{\"@id\":\"https:\/\/su-zahntechnik.online\/?page_id=10#primaryimage\"},\"thumbnailUrl\":\"https:\/\/su-zahntechnik.online\/wp-content\/uploads\/2021\/07\/su-zahntechnikruesselsheim10-640w.jpg\",\"datePublished\":\"2021-07-01T18:26:09+00:00\",\"dateModified\":\"2022-04-08T12:24:58+00:00\",\"breadcrumb\":{\"@id\":\"https:\/\/su-zahntechnik.online\/?page_id=10#breadcrumb\"},\"inLanguage\":\"de\",\"potentialAction\":[{\"@type\":\"ReadAction\",\"target\":[\"https:\/\/su-zahntechnik.online\/?page_id=10\"]}]},{\"@type\":\"ImageObject\",\"inLanguage\":\"de\",\"@id\":\"https:\/\/su-zahntechnik.online\/?page_id=10#primaryimage\",\"url\":\"https:\/\/su-zahntechnik.online\/wp-content\/uploads\/2021\/07\/su-zahntechnikruesselsheim10-640w.jpg\",\"contentUrl\":\"https:\/\/su-zahntechnik.online\/wp-content\/uploads\/2021\/07\/su-zahntechnikruesselsheim10-640w.jpg\",\"width\":640,\"height\":427},{\"@type\":\"BreadcrumbList\",\"@id\":\"https:\/\/su-zahntechnik.online\/?page_id=10#breadcrumb\",\"itemListElement\":[{\"@type\":\"ListItem\",\"position\":1,\"name\":\"Startseite\",\"item\":\"https:\/\/su-zahntechnik.online\/\"},{\"@type\":\"ListItem\",\"position\":2,\"name\":\"\u00dcber SU Zahntechnik\"}]},{\"@type\":\"WebSite\",\"@id\":\"https:\/\/su-zahntechnik.online\/#website\",\"url\":\"https:\/\/su-zahntechnik.online\/\",\"name\":\"SU Zahntechnik\",\"description\":\"KOMPETENZ f\u00fcr QUALIT\u00c4TSZAHNERSATZ\",\"publisher\":{\"@id\":\"https:\/\/su-zahntechnik.online\/#organization\"},\"potentialAction\":[{\"@type\":\"SearchAction\",\"target\":{\"@type\":\"EntryPoint\",\"urlTemplate\":\"https:\/\/su-zahntechnik.online\/?s={search_term_string}\"},\"query-input\":{\"@type\":\"PropertyValueSpecification\",\"valueRequired\":true,\"valueName\":\"search_term_string\"}}],\"inLanguage\":\"de\"},{\"@type\":\"Organization\",\"@id\":\"https:\/\/su-zahntechnik.online\/#organization\",\"name\":\"SU Zahntechnik Guido Schubert e.K.\",\"url\":\"https:\/\/su-zahntechnik.online\/\",\"logo\":{\"@type\":\"ImageObject\",\"inLanguage\":\"de\",\"@id\":\"https:\/\/su-zahntechnik.online\/#\/schema\/logo\/image\/\",\"url\":\"https:\/\/su-zahntechnik.online\/wp-content\/uploads\/2021\/06\/image-cca9a7a3-350w.png\",\"contentUrl\":\"https:\/\/su-zahntechnik.online\/wp-content\/uploads\/2021\/06\/image-cca9a7a3-350w.png\",\"width\":569,\"height\":217,\"caption\":\"SU Zahntechnik Guido Schubert e.K.\"},\"image\":{\"@id\":\"https:\/\/su-zahntechnik.online\/#\/schema\/logo\/image\/\"}}]}<\/script>\n<!-- \/ Yoast SEO plugin. -->","yoast_head_json":{"title":"\u00dcber SU Zahntechnik - SU Zahntechnik","robots":{"index":"index","follow":"follow","max-snippet":"max-snippet:-1","max-image-preview":"max-image-preview:large","max-video-preview":"max-video-preview:-1"},"canonical":"https:\/\/su-zahntechnik.online\/?page_id=10","og_locale":"de_DE","og_type":"article","og_title":"\u00dcber SU Zahntechnik - SU Zahntechnik","og_description":"Die SU Zahntechnik existiert nunmehr seit \u00fcber 33 Jahren in R\u00fcsselsheim, somit ein etablierter, langj\u00e4hriger Betrieb mit eingespieltem Personal. Es gibt in R\u00fcsselsheim nur noch zwei ( dazu geh\u00f6rt SU Zahntechnik ) von ehemals sechs bestehenden Betrieben. SU Zahntechnik steht f\u00fcr Verl\u00e4sslichkeit, Vertrauen und Qualit\u00e4t, was die \u00fcberwiegend lange Kundentreue beweist. Dies spiegelt sich auch &hellip; \u201e\u00dcber SU Zahntechnik\u201c weiterlesen","og_url":"https:\/\/su-zahntechnik.online\/?page_id=10","og_site_name":"SU Zahntechnik","article_modified_time":"2022-04-08T12:24:58+00:00","og_image":[{"url":"https:\/\/su-zahntechnik.online\/wp-content\/uploads\/2021\/07\/su-zahntechnikruesselsheim10-640w.jpg","type":"","width":"","height":""}],"twitter_card":"summary_large_image","twitter_misc":{"Gesch\u00e4tzte Lesezeit":"1\u00a0Minute"},"schema":{"@context":"https:\/\/schema.org","@graph":[{"@type":"WebPage","@id":"https:\/\/su-zahntechnik.online\/?page_id=10","url":"https:\/\/su-zahntechnik.online\/?page_id=10","name":"\u00dcber SU Zahntechnik - SU Zahntechnik","isPartOf":{"@id":"https:\/\/su-zahntechnik.online\/#website"},"primaryImageOfPage":{"@id":"https:\/\/su-zahntechnik.online\/?page_id=10#primaryimage"},"image":{"@id":"https:\/\/su-zahntechnik.online\/?page_id=10#primaryimage"},"thumbnailUrl":"https:\/\/su-zahntechnik.online\/wp-content\/uploads\/2021\/07\/su-zahntechnikruesselsheim10-640w.jpg","datePublished":"2021-07-01T18:26:09+00:00","dateModified":"2022-04-08T12:24:58+00:00","breadcrumb":{"@id":"https:\/\/su-zahntechnik.online\/?page_id=10#breadcrumb"},"inLanguage":"de","potentialAction":[{"@type":"ReadAction","target":["https:\/\/su-zahntechnik.online\/?page_id=10"]}]},{"@type":"ImageObject","inLanguage":"de","@id":"https:\/\/su-zahntechnik.online\/?page_id=10#primaryimage","url":"https:\/\/su-zahntechnik.online\/wp-content\/uploads\/2021\/07\/su-zahntechnikruesselsheim10-640w.jpg","contentUrl":"https:\/\/su-zahntechnik.online\/wp-content\/uploads\/2021\/07\/su-zahntechnikruesselsheim10-640w.jpg","width":640,"height":427},{"@type":"BreadcrumbList","@id":"https:\/\/su-zahntechnik.online\/?page_id=10#breadcrumb","itemListElement":[{"@type":"ListItem","position":1,"name":"Startseite","item":"https:\/\/su-zahntechnik.online\/"},{"@type":"ListItem","position":2,"name":"\u00dcber SU Zahntechnik"}]},{"@type":"WebSite","@id":"https:\/\/su-zahntechnik.online\/#website","url":"https:\/\/su-zahntechnik.online\/","name":"SU Zahntechnik","description":"KOMPETENZ f\u00fcr QUALIT\u00c4TSZAHNERSATZ","publisher":{"@id":"https:\/\/su-zahntechnik.online\/#organization"},"potentialAction":[{"@type":"SearchAction","target":{"@type":"EntryPoint","urlTemplate":"https:\/\/su-zahntechnik.online\/?s={search_term_string}"},"query-input":{"@type":"PropertyValueSpecification","valueRequired":true,"valueName":"search_term_string"}}],"inLanguage":"de"},{"@type":"Organization","@id":"https:\/\/su-zahntechnik.online\/#organization","name":"SU Zahntechnik Guido Schubert e.K.","url":"https:\/\/su-zahntechnik.online\/","logo":{"@type":"ImageObject","inLanguage":"de","@id":"https:\/\/su-zahntechnik.online\/#\/schema\/logo\/image\/","url":"https:\/\/su-zahntechnik.online\/wp-content\/uploads\/2021\/06\/image-cca9a7a3-350w.png","contentUrl":"https:\/\/su-zahntechnik.online\/wp-content\/uploads\/2021\/06\/image-cca9a7a3-350w.png","width":569,"height":217,"caption":"SU Zahntechnik Guido Schubert e.K."},"image":{"@id":"https:\/\/su-zahntechnik.online\/#\/schema\/logo\/image\/"}}]}},"_links":{"self":[{"href":"https:\/\/su-zahntechnik.online\/index.php?rest_route=\/wp\/v2\/pages\/10","targetHints":{"allow":["GET"]}}],"collection":[{"href":"https:\/\/su-zahntechnik.online\/index.php?rest_route=\/wp\/v2\/pages"}],"about":[{"href":"https:\/\/su-zahntechnik.online\/index.php?rest_route=\/wp\/v2\/types\/page"}],"author":[{"embeddable":true,"href":"https:\/\/su-zahntechnik.online\/index.php?rest_route=\/wp\/v2\/users\/1"}],"replies":[{"embeddable":true,"href":"https:\/\/su-zahntechnik.online\/index.php?rest_route=%2Fwp%2Fv2%2Fcomments&post=10"}],"version-history":[{"count":15,"href":"https:\/\/su-zahntechnik.online\/index.php?rest_route=\/wp\/v2\/pages\/10\/revisions"}],"predecessor-version":[{"id":165,"href":"https:\/\/su-zahntechnik.online\/index.php?rest_route=\/wp\/v2\/pages\/10\/revisions\/165"}],"wp:attachment":[{"href":"https:\/\/su-zahntechnik.online\/index.php?rest_route=%2Fwp%2Fv2%2Fmedia&parent=10"}],"curies":[{"name":"wp","href":"https:\/\/api.w.org\/{rel}","templated":true}]}}